{"id":226570,"date":"2022-01-20T10:50:43","date_gmt":"2022-01-20T09:50:43","guid":{"rendered":"https:\/\/formacarni.it\/privacy-policy\/"},"modified":"2022-01-20T10:50:44","modified_gmt":"2022-01-20T09:50:44","slug":"privacy-policy","status":"publish","type":"page","link":"https:\/\/formacarni.it\/en\/privacy-policy\/","title":{"rendered":"Privacy Policy"},"content":{"rendered":"&#13;\n<p>Ai sensi del regolamento CE 2016\/679 (GDPR) e del D.Lgs 101\/2018, si dichiara che il\u00a0<strong>titolare del trattamento<\/strong> dei dati \u00e8 Forma Srl con sede in\u00a0 PEC: info@formasrl.net<\/p>&#13;\n<h2 class=\"wp-block-heading\">Dati trattati e finalit\u00e0<\/h2>&#13;\n<p>Il sito\u00a0<a href=\"http:\/\/www.formacarni.it\/\">www.formacarni.it<\/a>\u00a0pu\u00f2 registrare autonomamente nei propri server solamente l&#8217;indirizzo IP dei visitatori nei propri log per\u00a0<strong>motivi di sicurezza<\/strong>. Il sito utilizza il servizio Google Analytics (con anonimizzazione degli IP) per raccogliere dati statistici sulle visite degli utenti. Leggi la privacy policy di <a href=\"https:\/\/policies.google.com\/privacy?hl=it\">Google Analytics<\/a>. L&#8217;utente ha comunque la possibilit\u00e0 di disabilitare i propri cookie per non utilizzare i suddetti servizi: Per farlo si rimanda alla nostra\u00a0<a href=\"https:\/\/formacarni.it\/cookie-policy\/\">cookie policy<\/a>. L&#8217;utente che compila un\u00a0<strong>modulo<\/strong> (form) all&#8217;interno del sito\u00a0 \u00e8 consapevole che i dati inviati possono essere\u00a0<strong>ricevuti<\/strong>\u00a0da Forma Srl e utilizzati per poter ricontattare il mittente. Forma Srl pu\u00f2 utilizzare dati personali quali indirizzo mail, nome e cognome per l&#8217;invio di\u00a0<strong>newsletter informative o promozionali<\/strong>\u00a0tramite il servizio terzo MailUp, previo esplicito consenso da parte dell&#8217;utente (ad es. tramite form o richiesta di iscrizione alla newsletter). Si invita l&#8217;utente a prendere visione della\u00a0<a href=\"https:\/\/www.mailup.it\/informativa-privacy\/\">privacy policy<\/a>\u00a0di MailUp.<\/p>&#13;\n<h2>Conservazione dei dati<\/h2>&#13;\n<p>I dati trattati possono essere conservati da Forma Srl per\u00a0<strong>il tempo necessario al trattamento<\/strong> e solo per le finalit\u00e0 previste. Forma Srl <strong>non vende<\/strong> i dati raccolti a soggetti terzi.<\/p>&#13;\n<h2>Soggetti autorizzati al trattamento<\/h2>&#13;\n<p>Il trattamento dei dati raccolti \u00e8 effettuato da personale interno di Forma Srl a tal fine individuato e autorizzato al trattamento secondo specifiche istruzioni impartite nel rispetto della normativa vigente.<\/p>&#13;\n<h2>Diritti<\/h2>&#13;\n<p>Si informa che gli utenti hanno i seguenti diritti in merito alla conservazione dei propri dati personali:<\/p>&#13;\n<ul>&#13;\n<li>Diritto di accesso<\/li>&#13;\n<li>Diritto di cancellazione (o diritto all&#8217;oblio)<\/li>&#13;\n<li>Diritto di limitazione del trattamento<\/li>&#13;\n<li>Diritto alla portabilit\u00e0 dei dati<\/li>&#13;\n<\/ul>&#13;\n<p>\u00a0 Per qualsiasi informazione \u00e8 possibile scrivere una mail a info@formasrl.net<\/p>&#13;\n<h1>Informativa sull\u2019uso dei cookies<\/h1>&#13;\n<p>Il sito web\u00a0<strong>www.formacarni.it<\/strong>\u00a0utilizza cookie e tecnologie simili per garantire il corretto funzionamento delle procedure e migliorare l\u2019esperienza di uso delle applicazioni online. Il presente documento fornisce informazioni dettagliate sull\u2019uso dei cookie e di tecnologie similari, su come sono utilizzati e su come gestirli.<\/p>&#13;\n<h2>Definizioni<\/h2>&#13;\n<p>I cookie sono brevi frammenti di testo (lettere e\/o numeri) che permettono al server web di memorizzare sul client (il\u00a0<em>browser<\/em>) informazioni da riutilizzare nel corso della medesima visita al sito (cookie di sessione) o in seguito, anche a distanza di giorni (cookie persistenti). I cookie vengono memorizzati, in base alle preferenze dell\u2019utente, dal singolo\u00a0<em>browser<\/em>\u00a0sullo specifico dispositivo utilizzato (computer, tablet, smartphone).<\/p>&#13;\n<p>Tecnologie similari, come, ad esempio, web beacon, GIF trasparenti e tutte le forme di\u00a0<em>storage\u00a0<\/em>locale introdotte con HTML5, sono utilizzabili per raccogliere informazioni sul comportamento dell\u2019utente e sull\u2019utilizzo dei servizi.<\/p>&#13;\n<p>Nel seguito di questo documento faremo riferimento ai cookie e a tutte le tecnologie similari utilizzando semplicemente il termine \u201ccookie\u201d.<\/p>&#13;\n<h2>Tipologie di cookie<\/h2>&#13;\n<p>In base alle caratteristiche e all\u2019utilizzo dei cookie possiamo distinguere diverse categorie:<\/p>&#13;\n<ul>&#13;\n<li><strong>Cookie strettamente necessari<\/strong>. Si tratta di cookie indispensabili per il corretto funzionamento del sito\u00a0e sono utilizzati per gestire il login e l\u2019accesso alle funzioni riservate del sito. La durata dei cookie \u00e8 strettamente limitata alla sessione di lavoro. La loro disattivazione compromette l\u2019utilizzo dei servizi accessibili da\u00a0<em>login<\/em>. La parte pubblica del sito\u00a0resta normalmente utilizzabile.<\/li>&#13;\n<li><strong>Cookie di analisi e prestazioni<\/strong>. Sono cookie utilizzati per raccogliere e analizzare il traffico e l\u2019utilizzo del sito in modo anonimo. Questi cookie, pur senza identificare l\u2019utente, consentono, per esempio, di rilevare se il medesimo utente torna a collegarsi in momenti diversi. Permettono inoltre di monitorare il sistema e migliorarne le prestazioni e l\u2019usabilit\u00e0. La disattivazione di tali cookie pu\u00f2 essere eseguita senza alcuna perdita di funzionalit\u00e0.<\/li>&#13;\n<li><strong>Cookie di profilazione<\/strong>. Si tratta di cookie permanenti utilizzati per identificare (in modo anonimo e non) le preferenze dell\u2019utente e migliorare la sua esperienza di navigazione.\u00a0<strong>Il sito www.formacarni.it\u00a0non utilizza cookie di questo tipo.<\/strong><\/li>&#13;\n<\/ul>&#13;\n<h2>Cookie di terze parti<\/h2>&#13;\n<p>Visitando un sito web si possono ricevere cookie sia dal sito visitato (\u201cproprietari\u201d), sia da siti gestiti da altre organizzazioni (\u201cterze parti\u201d). Un esempio notevole \u00e8 rappresentato dalla presenza dei \u201csocial plugin\u201d per Facebook, Twitter, Google+ e LinkedIn. Si tratta di parti della pagina visitata generate direttamente dai suddetti siti ed integrati nella pagina del sito ospitante. L\u2019utilizzo pi\u00f9 comune dei\u00a0<em>social plugin<\/em>\u00a0\u00e8 finalizzato alla condivisione dei contenuti sui social network.<\/p>&#13;\n<p>La presenza di questi\u00a0<em>plugin<\/em>\u00a0comporta la trasmissione di cookie da e verso tutti i siti gestiti da terze parti. La gestione delle informazioni raccolte da \u201cterze parti\u201d \u00e8 \u00a0disciplinata dalle relative informative cui si prega di fare riferimento. Per garantire una maggiore trasparenza e comodit\u00e0, si riportano qui di seguito \u00a0gli indirizzi web delle diverse informative e delle modalit\u00e0 per la gestione dei cookie.<\/p>&#13;\n<p>Facebook informativa:\u00a0<a href=\"https:\/\/www.facebook.com\/help\/cookies\/\">https:\/\/www.facebook.com\/help\/cookies\/<\/a><br\/>Facebook (configurazione): accedere al proprio account. Sezione privacy.<\/p>&#13;\n<p>Instagram Informativa\u00a0<a href=\"https:\/\/instagram.com\/legal\/cookies\/\">https:\/\/instagram.com\/legal\/cookies\/<\/a><br\/>Instagram (configurazione)\u00a0<a href=\"https:\/\/instagram.com\/about\/legal\/privacy\/\">https:\/\/instagram.com\/about\/legal\/privacy\/<\/a><\/p>&#13;\n<p>Twitter informative:\u00a0<a href=\"https:\/\/support.twitter.com\/articles\/20170514\">https:\/\/support.twitter.com\/articles\/20170514<\/a><br\/>Twitter (configurazione):\u00a0<a href=\"https:\/\/twitter.com\/settings\/security\">https:\/\/twitter.com\/settings\/security<\/a><\/p>&#13;\n<p>Linkedin informativa:\u00a0<a href=\"https:\/\/www.linkedin.com\/legal\/cookie-policy\">https:\/\/www.linkedin.com\/legal\/cookie-policy<\/a><br\/>Linkedin (configurazione):\u00a0<a href=\"https:\/\/www.linkedin.com\/settings\/\">https:\/\/www.linkedin.com\/settings\/<\/a><\/p>&#13;\n<p>Google+ informativa:\u00a0<a href=\"http:\/\/www.google.it\/intl\/it\/policies\/technologies\/cookies\/\">http:\/\/www.google.it\/intl\/it\/policies\/technologies\/cookies\/<\/a><br\/>Google+ (configurazione):\u00a0<a href=\"http:\/\/www.google.it\/intl\/it\/policies\/technologies\/managing\/\">http:\/\/www.google.it\/intl\/it\/policies\/technologies\/managing\/<\/a><\/p>&#13;\n<h2>Google Analytics<\/h2>&#13;\n<p>Il sito www.formacarni.it include anche talune componenti trasmesse da Google Analytics, un servizio di analisi del traffico web fornito da Google, Inc. (\u201cGoogle\u201d). Anche in questo caso si tratta di cookie di terze parti raccolti e gestiti in modo anonimo per monitorare e migliorare le prestazioni del sito ospite (performance cookie).<\/p>&#13;\n<p>Google Analytics utilizza i \u201ccookie\u201d \u00a0per raccogliere e analizzare in forma anonima le informazioni sui comportamenti di utilizzo del sito web \u00a0(compreso l\u2019indirizzo IP dell\u2019utente). Tali informazioni vengono raccolte da Google Analytics, che le elabora allo scopo di redigere report riguardanti le attivit\u00e0 sui siti web stessi. Questo sito non utilizza (e non consente a terzi di utilizzare) lo strumento di analisi di Google per monitorare o per raccogliere informazioni personali di identificazione. Google non associa l\u2019indirizzo IP a nessun altro dato posseduto da Google n\u00e9 cerca di collegare un indirizzo IP con l\u2019identit\u00e0 di un utente. Google pu\u00f2 anche comunicare queste informazioni a terzi ove ci\u00f2 sia imposto dalla legge o laddove tali terzi trattino le suddette informazioni per conto di Google.<\/p>&#13;\n<p>Per ulteriori informazioni, si rinvia al link di seguito indicato:<\/p>&#13;\n<p><a href=\"https:\/\/www.google.it\/policies\/privacy\/partners\/\">https:\/\/www.google.it\/policies\/privacy\/partners\/<\/a><\/p>&#13;\n<p>L\u2019utente pu\u00f2 disabilitare in modo selettivo l\u2019azione di Google Analytics installando sul proprio\u00a0<em>browser<\/em>\u00a0la componente di\u00a0<em>opt-out<\/em>\u00a0fornito da Google. Per disabilitare l\u2019azione di Google Analytics, si rinvia al link di seguito indicato:<\/p>&#13;\n<p><a href=\"https:\/\/tools.google.com\/dlpage\/gaoptout\">https:\/\/tools.google.com\/dlpage\/gaoptout<\/a><\/p>&#13;\n<h2>Durata dei cookie<\/h2>&#13;\n<p>Alcuni cookie (cookie di sessione) restano attivi solo fino alla chiusura del\u00a0<em>browser<\/em>\u00a0o all\u2019esecuzione del comando di\u00a0<em>logout<\/em>. Altri cookie \u201csopravvivono\u201d alla chiusura del\u00a0<em>browser<\/em>\u00a0e sono disponibili anche in successive visite dell\u2019utente.<\/p>&#13;\n<p>Questi cookie sono detti persistenti e la loro durata \u00e8 fissata dal server al momento della loro creazione. In alcuni casi \u00e8 fissata una scadenza, in altri casi la durata \u00e8 illimitata.<\/p>&#13;\n<p>.<\/p>&#13;\n<h2>Gestione dei cookie<\/h2>&#13;\n<p>L\u2019utente pu\u00f2 decidere se accettare o meno i cookie utilizzando le impostazioni del proprio\u00a0<em>browser<\/em>.<\/p>&#13;\n<p><strong>Attenzione<\/strong>: la disabilitazione totale o parziale dei cookie tecnici pu\u00f2 compromettere l\u2019utilizzo delle funzionalit\u00e0 del sito riservate agli utenti registrati. Al contrario, la fruibilit\u00e0 dei contenuti pubblici \u00e8 possibile anche disabilitando completamente i cookie.<\/p>&#13;\n<p>La disabilitazione dei cookie \u201cterze parti\u201d non pregiudica in alcun modo la navigabilit\u00e0.<\/p>&#13;\n<p>L\u2019impostazione pu\u00f2 essere definita in modo specifico per i diversi siti e applicazioni web. Inoltre i migliori\u00a0<em>browser<\/em>\u00a0consentono di definire impostazioni diverse per i cookie \u201cproprietari\u201d e per quelli di \u201cterze parti\u201d.<\/p>&#13;\n<p>A titolo di esempio, in Firefox, attraverso il menu\u00a0<em>Strumenti-&gt;Opzioni -&gt;Privacy<\/em>, \u00e8 possibile accedere ad un pannello di controllo dove \u00e8 possibile definire se accettare o meno i diversi tipi di cookie e procedere alla loro rimozione.<\/p>&#13;\n<p>Chrome:\u00a0<a href=\"https:\/\/support.google.com\/chrome\/answer\/95647?hl=it\">https:\/\/support.google.com\/chrome\/answer\/95647?hl=it<\/a><\/p>&#13;\n<p>Firefox:\u00a0<a href=\"https:\/\/support.mozilla.org\/it\/kb\/Gestione%20dei%20cookie\">https:\/\/support.mozilla.org\/it\/kb\/Gestione%20dei%20cookie<\/a><\/p>&#13;\n<p>Internet Explorer:\u00a0<a href=\"https:\/\/support.microsoft.com\/it-it\/help\/17442\/windows-internet-explorer-delete-manage-cookies\">https:\/\/support.microsoft.com\/it-it\/help\/17442\/windows-internet-explorer-delete-manage-cookies<\/a><\/p>&#13;\n<p>Opera:\u00a0<a href=\"http:\/\/help.opera.com\/Windows\/10.00\/it\/cookies.html\">http:\/\/help.opera.com\/Windows\/10.00\/it\/cookies.html<\/a><\/p>&#13;\n<p>Safari:\u00a0<a href=\"http:\/\/support.apple.com\/kb\/HT1677?viewlocale=it_IT\">http:\/\/support.apple.com\/kb\/HT1677?viewlocale=it_IT<\/a><\/p>&#13;\n<p>\u00a0<\/p>&#13;\n","protected":false},"excerpt":{"rendered":"<p>&#13; Ai sensi del regolamento CE 2016\/679 (GDPR) e del D.Lgs 101\/2018, si dichiara che il\u00a0titolare del trattamento dei dati \u00e8 Forma Srl con sede in\u00a0 PEC: info@formasrl.net &#13; Dati trattati e finalit\u00e0 &#13; Il sito\u00a0www.formacarni.it\u00a0pu\u00f2 registrare autonomamente nei propri server solamente l&#8217;indirizzo IP dei visitatori nei propri log per\u00a0motivi di sicurezza. Il sito utilizza [&hellip;]<\/p>\n","protected":false},"author":1,"featured_media":225673,"parent":0,"menu_order":0,"comment_status":"closed","ping_status":"open","template":"","meta":{"_acf_changed":false,"_et_pb_use_builder":"off","_et_pb_old_content":"","_et_gb_content_width":"","footnotes":""},"class_list":["post-226570","page","type-page","status-publish","has-post-thumbnail","hentry"],"acf":[],"yoast_head":"<!-- This site is optimized with the Yoast SEO plugin v27.4 - https:\/\/yoast.com\/product\/yoast-seo-wordpress\/ -->\n<title>Privacy Policy - Forma Carni<\/title>\n<meta name=\"robots\" content=\"index, follow, max-snippet:-1, max-image-preview:large, max-video-preview:-1\" \/>\n<link rel=\"canonical\" href=\"https:\/\/formacarni.it\/en\/privacy-policy\/\" \/>\n<meta property=\"og:locale\" content=\"en_US\" \/>\n<meta property=\"og:type\" content=\"article\" \/>\n<meta property=\"og:title\" content=\"Privacy Policy - Forma Carni\" \/>\n<meta property=\"og:description\" content=\"&#013; Ai sensi del regolamento CE 2016\/679 (GDPR) e del D.Lgs 101\/2018, si dichiara che il\u00a0titolare del trattamento dei dati \u00e8 Forma Srl con sede in\u00a0 PEC: info@formasrl.net &#013; Dati trattati e finalit\u00e0 &#013; Il sito\u00a0www.formacarni.it\u00a0pu\u00f2 registrare autonomamente nei propri server solamente l&#8217;indirizzo IP dei visitatori nei propri log per\u00a0motivi di sicurezza. Il sito utilizza [&hellip;]\" \/>\n<meta property=\"og:url\" content=\"https:\/\/formacarni.it\/en\/privacy-policy\/\" \/>\n<meta property=\"og:site_name\" content=\"Forma Carni\" \/>\n<meta property=\"article:modified_time\" content=\"2022-01-20T09:50:44+00:00\" \/>\n<meta property=\"og:image\" content=\"https:\/\/formacarni.it\/wp-content\/uploads\/2019\/08\/privacy-forma-.jpg\" \/>\n\t<meta property=\"og:image:width\" content=\"838\" \/>\n\t<meta property=\"og:image:height\" content=\"255\" \/>\n\t<meta property=\"og:image:type\" content=\"image\/jpeg\" \/>\n<meta name=\"twitter:card\" content=\"summary_large_image\" \/>\n<meta name=\"twitter:label1\" content=\"Est. reading time\" \/>\n\t<meta name=\"twitter:data1\" content=\"7 minutes\" \/>\n<script type=\"application\/ld+json\" class=\"yoast-schema-graph\">{\"@context\":\"https:\\\/\\\/schema.org\",\"@graph\":[{\"@type\":\"WebPage\",\"@id\":\"https:\\\/\\\/formacarni.it\\\/en\\\/privacy-policy\\\/\",\"url\":\"https:\\\/\\\/formacarni.it\\\/en\\\/privacy-policy\\\/\",\"name\":\"Privacy Policy - Forma Carni\",\"isPartOf\":{\"@id\":\"https:\\\/\\\/formacarni.it\\\/en\\\/#website\"},\"primaryImageOfPage\":{\"@id\":\"https:\\\/\\\/formacarni.it\\\/en\\\/privacy-policy\\\/#primaryimage\"},\"image\":{\"@id\":\"https:\\\/\\\/formacarni.it\\\/en\\\/privacy-policy\\\/#primaryimage\"},\"thumbnailUrl\":\"https:\\\/\\\/formacarni.it\\\/wp-content\\\/uploads\\\/2019\\\/08\\\/privacy-forma-.jpg\",\"datePublished\":\"2022-01-20T09:50:43+00:00\",\"dateModified\":\"2022-01-20T09:50:44+00:00\",\"breadcrumb\":{\"@id\":\"https:\\\/\\\/formacarni.it\\\/en\\\/privacy-policy\\\/#breadcrumb\"},\"inLanguage\":\"en-US\",\"potentialAction\":[{\"@type\":\"ReadAction\",\"target\":[\"https:\\\/\\\/formacarni.it\\\/en\\\/privacy-policy\\\/\"]}]},{\"@type\":\"ImageObject\",\"inLanguage\":\"en-US\",\"@id\":\"https:\\\/\\\/formacarni.it\\\/en\\\/privacy-policy\\\/#primaryimage\",\"url\":\"https:\\\/\\\/formacarni.it\\\/wp-content\\\/uploads\\\/2019\\\/08\\\/privacy-forma-.jpg\",\"contentUrl\":\"https:\\\/\\\/formacarni.it\\\/wp-content\\\/uploads\\\/2019\\\/08\\\/privacy-forma-.jpg\",\"width\":838,\"height\":255},{\"@type\":\"BreadcrumbList\",\"@id\":\"https:\\\/\\\/formacarni.it\\\/en\\\/privacy-policy\\\/#breadcrumb\",\"itemListElement\":[{\"@type\":\"ListItem\",\"position\":1,\"name\":\"Home\",\"item\":\"https:\\\/\\\/formacarni.it\\\/en\\\/\"},{\"@type\":\"ListItem\",\"position\":2,\"name\":\"Privacy Policy\"}]},{\"@type\":\"WebSite\",\"@id\":\"https:\\\/\\\/formacarni.it\\\/en\\\/#website\",\"url\":\"https:\\\/\\\/formacarni.it\\\/en\\\/\",\"name\":\"Forma Carni\",\"description\":\"Carni secondo natura.\",\"potentialAction\":[{\"@type\":\"SearchAction\",\"target\":{\"@type\":\"EntryPoint\",\"urlTemplate\":\"https:\\\/\\\/formacarni.it\\\/en\\\/?s={search_term_string}\"},\"query-input\":{\"@type\":\"PropertyValueSpecification\",\"valueRequired\":true,\"valueName\":\"search_term_string\"}}],\"inLanguage\":\"en-US\"}]}<\/script>\n<!-- \/ Yoast SEO plugin. -->","yoast_head_json":{"title":"Privacy Policy - Forma Carni","robots":{"index":"index","follow":"follow","max-snippet":"max-snippet:-1","max-image-preview":"max-image-preview:large","max-video-preview":"max-video-preview:-1"},"canonical":"https:\/\/formacarni.it\/en\/privacy-policy\/","og_locale":"en_US","og_type":"article","og_title":"Privacy Policy - Forma Carni","og_description":"&#13; Ai sensi del regolamento CE 2016\/679 (GDPR) e del D.Lgs 101\/2018, si dichiara che il\u00a0titolare del trattamento dei dati \u00e8 Forma Srl con sede in\u00a0 PEC: info@formasrl.net &#13; Dati trattati e finalit\u00e0 &#13; Il sito\u00a0www.formacarni.it\u00a0pu\u00f2 registrare autonomamente nei propri server solamente l&#8217;indirizzo IP dei visitatori nei propri log per\u00a0motivi di sicurezza. Il sito utilizza [&hellip;]","og_url":"https:\/\/formacarni.it\/en\/privacy-policy\/","og_site_name":"Forma Carni","article_modified_time":"2022-01-20T09:50:44+00:00","og_image":[{"width":838,"height":255,"url":"https:\/\/formacarni.it\/wp-content\/uploads\/2019\/08\/privacy-forma-.jpg","type":"image\/jpeg"}],"twitter_card":"summary_large_image","twitter_misc":{"Est. reading time":"7 minutes"},"schema":{"@context":"https:\/\/schema.org","@graph":[{"@type":"WebPage","@id":"https:\/\/formacarni.it\/en\/privacy-policy\/","url":"https:\/\/formacarni.it\/en\/privacy-policy\/","name":"Privacy Policy - Forma Carni","isPartOf":{"@id":"https:\/\/formacarni.it\/en\/#website"},"primaryImageOfPage":{"@id":"https:\/\/formacarni.it\/en\/privacy-policy\/#primaryimage"},"image":{"@id":"https:\/\/formacarni.it\/en\/privacy-policy\/#primaryimage"},"thumbnailUrl":"https:\/\/formacarni.it\/wp-content\/uploads\/2019\/08\/privacy-forma-.jpg","datePublished":"2022-01-20T09:50:43+00:00","dateModified":"2022-01-20T09:50:44+00:00","breadcrumb":{"@id":"https:\/\/formacarni.it\/en\/privacy-policy\/#breadcrumb"},"inLanguage":"en-US","potentialAction":[{"@type":"ReadAction","target":["https:\/\/formacarni.it\/en\/privacy-policy\/"]}]},{"@type":"ImageObject","inLanguage":"en-US","@id":"https:\/\/formacarni.it\/en\/privacy-policy\/#primaryimage","url":"https:\/\/formacarni.it\/wp-content\/uploads\/2019\/08\/privacy-forma-.jpg","contentUrl":"https:\/\/formacarni.it\/wp-content\/uploads\/2019\/08\/privacy-forma-.jpg","width":838,"height":255},{"@type":"BreadcrumbList","@id":"https:\/\/formacarni.it\/en\/privacy-policy\/#breadcrumb","itemListElement":[{"@type":"ListItem","position":1,"name":"Home","item":"https:\/\/formacarni.it\/en\/"},{"@type":"ListItem","position":2,"name":"Privacy Policy"}]},{"@type":"WebSite","@id":"https:\/\/formacarni.it\/en\/#website","url":"https:\/\/formacarni.it\/en\/","name":"Forma Carni","description":"Carni secondo natura.","potentialAction":[{"@type":"SearchAction","target":{"@type":"EntryPoint","urlTemplate":"https:\/\/formacarni.it\/en\/?s={search_term_string}"},"query-input":{"@type":"PropertyValueSpecification","valueRequired":true,"valueName":"search_term_string"}}],"inLanguage":"en-US"}]}},"_links":{"self":[{"href":"https:\/\/formacarni.it\/en\/wp-json\/wp\/v2\/pages\/226570","targetHints":{"allow":["GET"]}}],"collection":[{"href":"https:\/\/formacarni.it\/en\/wp-json\/wp\/v2\/pages"}],"about":[{"href":"https:\/\/formacarni.it\/en\/wp-json\/wp\/v2\/types\/page"}],"author":[{"embeddable":true,"href":"https:\/\/formacarni.it\/en\/wp-json\/wp\/v2\/users\/1"}],"replies":[{"embeddable":true,"href":"https:\/\/formacarni.it\/en\/wp-json\/wp\/v2\/comments?post=226570"}],"version-history":[{"count":1,"href":"https:\/\/formacarni.it\/en\/wp-json\/wp\/v2\/pages\/226570\/revisions"}],"predecessor-version":[{"id":226571,"href":"https:\/\/formacarni.it\/en\/wp-json\/wp\/v2\/pages\/226570\/revisions\/226571"}],"wp:featuredmedia":[{"embeddable":true,"href":"https:\/\/formacarni.it\/en\/wp-json\/wp\/v2\/media\/225673"}],"wp:attachment":[{"href":"https:\/\/formacarni.it\/en\/wp-json\/wp\/v2\/media?parent=226570"}],"curies":[{"name":"wp","href":"https:\/\/api.w.org\/{rel}","templated":true}]}}